{"id":22,"date":"2022-11-06T12:56:40","date_gmt":"2022-11-06T11:56:40","guid":{"rendered":"https:\/\/www.setri.eu\/?page_id=22"},"modified":"2022-11-15T20:25:09","modified_gmt":"2022-11-15T19:25:09","slug":"setri-setrit-setrenie-eu-euro-eura","status":"publish","type":"page","link":"https:\/\/www.setri.eu\/","title":{"rendered":"Zoznam obchodov"},"content":{"rendered":"","protected":false},"excerpt":{"rendered":"","protected":false},"author":1,"featured_media":0,"parent":0,"menu_order":0,"comment_status":"closed","ping_status":"closed","template":"","meta":{"_monsterinsights_skip_tracking":false,"_monsterinsights_sitenote_active":false,"_monsterinsights_sitenote_note":"","_monsterinsights_sitenote_category":0},"yoast_head":"<!-- This site is optimized with the Yoast SEO plugin v17.7.1 - https:\/\/yoast.com\/wordpress\/plugins\/seo\/ -->\n<title>Zoznam obchodov - SETRI.EU<\/title>\n<meta name=\"description\" content=\"\u0161etri \u0161etri\u0165 \u0161etrenie eu euro eur\u00e1\" \/>\n<meta name=\"robots\" content=\"index, follow, max-snippet:-1, max-image-preview:large, max-video-preview:-1\" \/>\n<link rel=\"canonical\" href=\"https:\/\/www.setri.eu\/\" \/>\n<meta property=\"og:locale\" content=\"sk_SK\" \/>\n<meta property=\"og:type\" content=\"article\" \/>\n<meta property=\"og:title\" content=\"Zoznam obchodov - SETRI.EU\" \/>\n<meta property=\"og:description\" content=\"\u0161etri \u0161etri\u0165 \u0161etrenie eu euro eur\u00e1\" \/>\n<meta property=\"og:url\" content=\"https:\/\/www.setri.eu\/\" \/>\n<meta property=\"og:site_name\" content=\"SETRI.EU\" \/>\n<meta property=\"article:modified_time\" content=\"2022-11-15T19:25:09+00:00\" \/>\n<meta name=\"twitter:card\" content=\"summary_large_image\" \/>\n<script type=\"application\/ld+json\" class=\"yoast-schema-graph\">{\"@context\":\"https:\/\/schema.org\",\"@graph\":[{\"@type\":\"WebSite\",\"@id\":\"https:\/\/www.setri.eu\/#website\",\"url\":\"https:\/\/www.setri.eu\/\",\"name\":\"SETRI.EU\",\"description\":\"Aj takto m\\u00f4\\u017eete u\\u0161etri\\u0165\",\"potentialAction\":[{\"@type\":\"SearchAction\",\"target\":{\"@type\":\"EntryPoint\",\"urlTemplate\":\"https:\/\/www.setri.eu\/?s={search_term_string}\"},\"query-input\":\"required name=search_term_string\"}],\"inLanguage\":\"sk-SK\"},{\"@type\":\"WebPage\",\"@id\":\"https:\/\/www.setri.eu\/#webpage\",\"url\":\"https:\/\/www.setri.eu\/\",\"name\":\"Zoznam obchodov - SETRI.EU\",\"isPartOf\":{\"@id\":\"https:\/\/www.setri.eu\/#website\"},\"datePublished\":\"2022-11-06T11:56:40+00:00\",\"dateModified\":\"2022-11-15T19:25:09+00:00\",\"description\":\"\\u0161etri \\u0161etri\\u0165 \\u0161etrenie eu euro eur\\u00e1\",\"breadcrumb\":{\"@id\":\"https:\/\/www.setri.eu\/#breadcrumb\"},\"inLanguage\":\"sk-SK\",\"potentialAction\":[{\"@type\":\"ReadAction\",\"target\":[\"https:\/\/www.setri.eu\/\"]}]},{\"@type\":\"BreadcrumbList\",\"@id\":\"https:\/\/www.setri.eu\/#breadcrumb\",\"itemListElement\":[{\"@type\":\"ListItem\",\"position\":1,\"name\":\"Home\",\"item\":\"https:\/\/www.setri.eu\/\"},{\"@type\":\"ListItem\",\"position\":2,\"name\":\"Zoznam obchodov\"}]}]}<\/script>\n<!-- \/ Yoast SEO plugin. -->","yoast_head_json":{"title":"Zoznam obchodov - SETRI.EU","description":"\u0161etri \u0161etri\u0165 \u0161etrenie eu euro eur\u00e1","robots":{"index":"index","follow":"follow","max-snippet":"max-snippet:-1","max-image-preview":"max-image-preview:large","max-video-preview":"max-video-preview:-1"},"canonical":"https:\/\/www.setri.eu\/","og_locale":"sk_SK","og_type":"article","og_title":"Zoznam obchodov - SETRI.EU","og_description":"\u0161etri \u0161etri\u0165 \u0161etrenie eu euro eur\u00e1","og_url":"https:\/\/www.setri.eu\/","og_site_name":"SETRI.EU","article_modified_time":"2022-11-15T19:25:09+00:00","twitter_card":"summary_large_image","schema":{"@context":"https:\/\/schema.org","@graph":[{"@type":"WebSite","@id":"https:\/\/www.setri.eu\/#website","url":"https:\/\/www.setri.eu\/","name":"SETRI.EU","description":"Aj takto m\u00f4\u017eete u\u0161etri\u0165","potentialAction":[{"@type":"SearchAction","target":{"@type":"EntryPoint","urlTemplate":"https:\/\/www.setri.eu\/?s={search_term_string}"},"query-input":"required name=search_term_string"}],"inLanguage":"sk-SK"},{"@type":"WebPage","@id":"https:\/\/www.setri.eu\/#webpage","url":"https:\/\/www.setri.eu\/","name":"Zoznam obchodov - SETRI.EU","isPartOf":{"@id":"https:\/\/www.setri.eu\/#website"},"datePublished":"2022-11-06T11:56:40+00:00","dateModified":"2022-11-15T19:25:09+00:00","description":"\u0161etri \u0161etri\u0165 \u0161etrenie eu euro eur\u00e1","breadcrumb":{"@id":"https:\/\/www.setri.eu\/#breadcrumb"},"inLanguage":"sk-SK","potentialAction":[{"@type":"ReadAction","target":["https:\/\/www.setri.eu\/"]}]},{"@type":"BreadcrumbList","@id":"https:\/\/www.setri.eu\/#breadcrumb","itemListElement":[{"@type":"ListItem","position":1,"name":"Home","item":"https:\/\/www.setri.eu\/"},{"@type":"ListItem","position":2,"name":"Zoznam obchodov"}]}]}},"_links":{"self":[{"href":"https:\/\/www.setri.eu\/index.php?rest_route=\/wp\/v2\/pages\/22"}],"collection":[{"href":"https:\/\/www.setri.eu\/index.php?rest_route=\/wp\/v2\/pages"}],"about":[{"href":"https:\/\/www.setri.eu\/index.php?rest_route=\/wp\/v2\/types\/page"}],"author":[{"embeddable":true,"href":"https:\/\/www.setri.eu\/index.php?rest_route=\/wp\/v2\/users\/1"}],"replies":[{"embeddable":true,"href":"https:\/\/www.setri.eu\/index.php?rest_route=%2Fwp%2Fv2%2Fcomments&post=22"}],"version-history":[{"count":1,"href":"https:\/\/www.setri.eu\/index.php?rest_route=\/wp\/v2\/pages\/22\/revisions"}],"predecessor-version":[{"id":23,"href":"https:\/\/www.setri.eu\/index.php?rest_route=\/wp\/v2\/pages\/22\/revisions\/23"}],"wp:attachment":[{"href":"https:\/\/www.setri.eu\/index.php?rest_route=%2Fwp%2Fv2%2Fmedia&parent=22"}],"curies":[{"name":"wp","href":"https:\/\/api.w.org\/{rel}","templated":true}]}}